{"id":10,"date":"2018-07-20T12:21:15","date_gmt":"2018-07-20T12:21:15","guid":{"rendered":"http:\/\/bonna-musica.com\/?page_id=10"},"modified":"2025-01-23T20:35:51","modified_gmt":"2025-01-23T20:35:51","slug":"unterricht","status":"publish","type":"page","link":"https:\/\/bonna-musica.com\/?page_id=10","title":{"rendered":"Unterricht"},"content":{"rendered":"<p>Seit 1999 unterrichtet Sabrina Fiddle und Ensemblespiel, privat sowie an Musikschulen. 2008 hat sie als erste Deutsche die Pr\u00fcfung zum Lehrer f\u00fcr traditionelle Musik (TTCT) in Dublin\u00a0<span class=\"apple-converted-space\">\u00a0<\/span>bestanden.<\/p>\n<div id='gallery-1' class='gallery galleryid-10 gallery-columns-3 gallery-size-thumbnail'><figure class='gallery-item'>\n\t\t\t<div class='gallery-icon landscape'>\n\t\t\t\t<a href='https:\/\/bonna-musica.com\/?attachment_id=15'><img width=\"150\" height=\"149\" src=\"https:\/\/bonna-musica.com\/wp-content\/uploads\/2018\/07\/big_34288738_0_200-149-150x149.jpg\" class=\"attachment-thumbnail size-thumbnail\" alt=\"\" loading=\"lazy\" aria-describedby=\"gallery-1-15\" srcset=\"https:\/\/bonna-musica.com\/wp-content\/uploads\/2018\/07\/big_34288738_0_200-149-150x149.jpg 150w, https:\/\/bonna-musica.com\/wp-content\/uploads\/2018\/07\/big_34288738_0_200-149-100x100.jpg 100w\" sizes=\"100vw\" \/><\/a>\n\t\t\t<\/div>\n\t\t\t\t<figcaption class='wp-caption-text gallery-caption' id='gallery-1-15'>\n\t\t\t\tP\u00e4dagogisch + didaktisch gro\u00dfartig: Sabrina! DANKE\n\t\t\t\t<\/figcaption><\/figure><figure class='gallery-item'>\n\t\t\t<div class='gallery-icon landscape'>\n\t\t\t\t<a href='https:\/\/bonna-musica.com\/?attachment_id=14'><img width=\"150\" height=\"149\" src=\"https:\/\/bonna-musica.com\/wp-content\/uploads\/2018\/07\/big_34288739_0_200-149-150x149.jpg\" class=\"attachment-thumbnail size-thumbnail\" alt=\"\" loading=\"lazy\" aria-describedby=\"gallery-1-14\" srcset=\"https:\/\/bonna-musica.com\/wp-content\/uploads\/2018\/07\/big_34288739_0_200-149-150x149.jpg 150w, https:\/\/bonna-musica.com\/wp-content\/uploads\/2018\/07\/big_34288739_0_200-149-100x100.jpg 100w\" sizes=\"100vw\" \/><\/a>\n\t\t\t<\/div>\n\t\t\t\t<figcaption class='wp-caption-text gallery-caption' id='gallery-1-14'>\n\t\t\t\tPraktische Tipps + Tricks um den Enthusiasmus nach dem WE am Leben zu halten! DANKE!\n\t\t\t\t<\/figcaption><\/figure><figure class='gallery-item'>\n\t\t\t<div class='gallery-icon landscape'>\n\t\t\t\t<a href='https:\/\/bonna-musica.com\/?attachment_id=13'><img width=\"150\" height=\"149\" src=\"https:\/\/bonna-musica.com\/wp-content\/uploads\/2018\/07\/big_34288744_0_200-149-150x149.jpg\" class=\"attachment-thumbnail size-thumbnail\" alt=\"\" loading=\"lazy\" aria-describedby=\"gallery-1-13\" srcset=\"https:\/\/bonna-musica.com\/wp-content\/uploads\/2018\/07\/big_34288744_0_200-149-150x149.jpg 150w, https:\/\/bonna-musica.com\/wp-content\/uploads\/2018\/07\/big_34288744_0_200-149-100x100.jpg 100w\" sizes=\"100vw\" \/><\/a>\n\t\t\t<\/div>\n\t\t\t\t<figcaption class='wp-caption-text gallery-caption' id='gallery-1-13'>\n\t\t\t\tIn kurzer Zeit viele Kniffe und Tricks von Sabrina erfahren: das ist bestens!\n\t\t\t\t<\/figcaption><\/figure>\n\t\t<\/div>\n\n<p><em>&#8222;Die ist so cool wie die Musik, die sie macht!&#8220;, neuer Sch\u00fcler, 10 Jahre alt<\/em><br \/>\n<em>&#8222;Sie sind eine unnormal gute Lehrerin!&#8220;, langj\u00e4hrige Sch\u00fclerin, 16 Jahre alt<\/em><\/p>\n<p>Sabrina arbeitet mit Menschen jeden Alters, mit viel Begeisterung f\u00fcr die Sache.<\/p>\n<p>Sie unterrichtet derzeit an der<span class=\"apple-converted-space\">\u00a0<\/span><a href=\"http:\/\/www.bonn.de\/familie_gesellschaft_bildung_soziales\/musikschule\/index.html?lang=de\">Ludwig-van-Beethoven-Musikschule der Bundesstadt Bonn<\/a>\u00a0die\u00a0Unterrichtsf\u00e4cher Fiddle und Violine sowie verschiedene Ensembles:<\/p>\n<p>Die REEL TALENTS sind eine Band f\u00fcr Kinder und Jugendliche, die sich der traditionellen Musik Irlands und Schottlands verschrieben hat. Sie ist offen f\u00fcr alle folkdienlichen Instrumente und Gesang. Die Proben finden dienstagsnachmittags in der Musikschule in der Kurf\u00fcrstenallee statt.<\/p>\n<p>Die BONNIE FIDDLERS sind eine reine Streicherband f\u00fcr Kinder und Jugendliche. Gemeinsam werden St\u00fccke aus den Folktraditionen Europas harmonisiert und arrangiert. Mit modernen Strichtechniken wird Groove erzeugt. Die Proben finden am fr\u00fchen Dienstagabend in der Musikschule Kurf\u00fcrstenallee statt.<\/p>\n<p>Die OLD FOLKS sind ein Angebot f\u00fcr Erwachsene, die Freude an der traditionellen Musik Irlands und Schottlands haben. Sowohl Lieder als auch Instrumentalst\u00fccke sind im Programm der Band. Der Unterricht findet dienstags von 19.15 bis 20.45 Uhr statt.<\/p>\n<p>Am <a href=\"http:\/\/www.hhg-bonn.de\" target=\"_blank\" rel=\"noopener noreferrer\">Helmholtz-Gymnasium<\/a> in Bonn-Duisdorf bietet Sabrina Palm Einzelunterricht im Fach Violine an.<\/p>\n<p>Im Rahmen von Workshops unterrichtet sie u.a. f\u00fcr die<span class=\"apple-converted-space\">\u00a0<\/span><a href=\"http:\/\/www.burg-fuersteneck.de\/\">Burg F\u00fcrsteneck<\/a>\u00a0(z.B. Irish in den Mai, Folkwerkstatt, Irish Folk), die<span class=\"apple-converted-space\">\u00a0<\/span><a href=\"http:\/\/www.irishmusicschool-elmstein.de\/\">Irish Music Summer School<\/a><span class=\"apple-converted-space\">\u00a0<\/span>in<span class=\"apple-converted-space\">\u00a0<\/span>Elmstein und beim<span class=\"apple-converted-space\">\u00a0<\/span><a href=\"http:\/\/www.irishworkshop.de\" target=\"_blank\" rel=\"noopener\">Workshopwochenende f\u00fcr Irische Musik<\/a><span class=\"apple-converted-space\">\u00a0<\/span>in Bonn.<\/p>\n<p>Alle Termine sind <a href=\"http:\/\/bonna-musica.com\/?page_id=6\">hier<\/a> zu finden.<\/p>\n<p>Sabrina ist Referentin im Leitungsteam des<a href=\"http:\/\/www.jugendfolkorchester.de\" target=\"_blank\" rel=\"noopener\"> Jugendfolkorchester<\/a>s Deutschland.<\/p>\n<p><img loading=\"lazy\" class=\"alignnone size-medium wp-image-600\" src=\"https:\/\/bonna-musica.com\/wp-content\/uploads\/2023\/06\/Bildschirmfoto-2023-06-28-um-20.08.09-300x121.png\" alt=\"Logo Jugendfolkorchester\" width=\"300\" height=\"121\" srcset=\"https:\/\/bonna-musica.com\/wp-content\/uploads\/2023\/06\/Bildschirmfoto-2023-06-28-um-20.08.09-300x121.png 300w, https:\/\/bonna-musica.com\/wp-content\/uploads\/2023\/06\/Bildschirmfoto-2023-06-28-um-20.08.09-1024x414.png 1024w, https:\/\/bonna-musica.com\/wp-content\/uploads\/2023\/06\/Bildschirmfoto-2023-06-28-um-20.08.09-768x311.png 768w, https:\/\/bonna-musica.com\/wp-content\/uploads\/2023\/06\/Bildschirmfoto-2023-06-28-um-20.08.09.png 1068w\" sizes=\"(max-width: 300px) 100vw, 300px\" \/><\/p>\n<p>Weitere Angebote sind u.a.:<br \/>\nWorkshops f\u00fcr Kinder und Jugendliche (Fiddle und Ensemble)<br \/>\nInstrumentalunterricht f\u00fcr Kinder, Jugendliche und Erwachsene<br \/>\nFortbildungen f\u00fcr Instrumentallehrer<br \/>\nUnterricht f\u00fcr &#8222;Profis&#8220;<br \/>\nBalFolk Workshops<br \/>\nStreichergruppen<br \/>\nOnline-Unterricht per Videokonferenz<br \/>\nOnline-Workshops<\/p>\n<p><b>Bei Interesse an Workshops oder Instrumentalunterricht bitte einfach Kontakt mit Sabrina aufnehmen:<span class=\"apple-converted-space\">\u00a0<\/span><a>info@bonna-musica.com<\/a><\/b><\/p>\n","protected":false},"excerpt":{"rendered":"<p>Seit 1999 unterrichtet Sabrina Fiddle und Ensemblespiel, privat sowie an Musikschulen. 2008 hat sie als erste Deutsche die Pr\u00fcfung zum Lehrer f\u00fcr traditionelle Musik (TTCT) in Dublin\u00a0\u00a0bestanden. &#8222;Die ist so cool wie die Musik, die sie macht!&#8220;, neuer Sch\u00fcler, 10 Jahre alt &#8222;Sie sind eine unnormal gute Lehrerin!&#8220;, langj\u00e4hrige Sch\u00fclerin, 16 Jahre alt Sabrina arbeitet &hellip; <\/p>\n<p class=\"link-more\"><a href=\"https:\/\/bonna-musica.com\/?page_id=10\" class=\"more-link\"><span class=\"screen-reader-text\">\u201eUnterricht\u201c<\/span> weiterlesen<\/a><\/p>\n","protected":false},"author":1,"featured_media":0,"parent":0,"menu_order":0,"comment_status":"closed","ping_status":"closed","template":"","meta":[],"_links":{"self":[{"href":"https:\/\/bonna-musica.com\/index.php?rest_route=\/wp\/v2\/pages\/10"}],"collection":[{"href":"https:\/\/bonna-musica.com\/index.php?rest_route=\/wp\/v2\/pages"}],"about":[{"href":"https:\/\/bonna-musica.com\/index.php?rest_route=\/wp\/v2\/types\/page"}],"author":[{"embeddable":true,"href":"https:\/\/bonna-musica.com\/index.php?rest_route=\/wp\/v2\/users\/1"}],"replies":[{"embeddable":true,"href":"https:\/\/bonna-musica.com\/index.php?rest_route=%2Fwp%2Fv2%2Fcomments&post=10"}],"version-history":[{"count":17,"href":"https:\/\/bonna-musica.com\/index.php?rest_route=\/wp\/v2\/pages\/10\/revisions"}],"predecessor-version":[{"id":778,"href":"https:\/\/bonna-musica.com\/index.php?rest_route=\/wp\/v2\/pages\/10\/revisions\/778"}],"wp:attachment":[{"href":"https:\/\/bonna-musica.com\/index.php?rest_route=%2Fwp%2Fv2%2Fmedia&parent=10"}],"curies":[{"name":"wp","href":"https:\/\/api.w.org\/{rel}","templated":true}]}}