{"id":4,"date":"2018-07-20T11:55:54","date_gmt":"2018-07-20T11:55:54","guid":{"rendered":"http:\/\/bonna-musica.com\/?page_id=4"},"modified":"2025-10-16T16:27:22","modified_gmt":"2025-10-16T16:27:22","slug":"info","status":"publish","type":"page","link":"https:\/\/bonna-musica.com\/","title":{"rendered":"Info"},"content":{"rendered":"<p>Nach einer klassischen Geigenausbildung hat Sabrina Erfahrungen mit verschiedenen Stilen gesammelt. In jungen Jahren hat sie sich dann in kurzer Zeit einen festen Platz in der Irish traditional music Szene erspielt und ist mit verschiedenen Bands auch \u00fcber die Grenzen Deutschlands hinweg unterwegs. Momentan spielt Sabrina u.a. im Trio <a href=\"http:\/\/www.facebook.com\/palmbayfrost\" target=\"_blank\" rel=\"noopener\">Palm Bay Frost<\/a>, im Duo RASA mit Radek Stawarz, mit\u00a0dem\u00a0<a href=\"http:\/\/www.reel-bach-consort.de\/\">Reel Bach Consort<\/a>, <a href=\"https:\/\/diefeuersteins.eu\/\" target=\"_blank\" rel=\"noopener\">Die Feuersteins<\/a> und bei Stefan Knittlers <a href=\"https:\/\/www.facebook.com\/popkoelsch\/\" target=\"_blank\" rel=\"noopener noreferrer\">P\/op K\u00f6lsch<\/a>.\u00a0<br \/><br \/>Mit ihrer mitrei\u00dfenden Art und einer druckvollen Bogenf\u00fchrung \u00fcberzeugt sie das Publikum. Sie widmet sich vor allem der traditionellen Musik aus Irland und Schottland, sowie vom europ\u00e4ischen\u00a0\u00a0Festland.<\/p>\n<p><img loading=\"lazy\" class=\"alignnone size-medium wp-image-26\" src=\"http:\/\/bonna-musica.com\/wp-content\/uploads\/2018\/07\/Mani_Wollner-300x200.jpg\" alt=\"\" width=\"300\" height=\"200\" srcset=\"https:\/\/bonna-musica.com\/wp-content\/uploads\/2018\/07\/Mani_Wollner-300x200.jpg 300w, https:\/\/bonna-musica.com\/wp-content\/uploads\/2018\/07\/Mani_Wollner-768x512.jpg 768w, https:\/\/bonna-musica.com\/wp-content\/uploads\/2018\/07\/Mani_Wollner-1024x682.jpg 1024w\" sizes=\"(max-width: 300px) 100vw, 300px\" \/><\/p>\n<p>Sabrina verbrachte einige Monate in Irland, wo sie Unterricht und Workshops bei anerkannten Fiddle-Meistern wie Martin Hayes, Vincent Griffin und Seamus Creagh hatte und gibt seit fast 20 Jahren ihr K\u00f6nnen bei Workshops und im Einzelunterricht weiter.<\/p>\n<p>Im Sommer 2008 hat sie als erste Deutsche die Pr\u00fcfung zum Lehrer f\u00fcr traditionelle Musik (TTCT) in Dublin bestanden. Sabrina unterrichtet mehrere Kinder- und Erwachsenen-Folk-Ensembles an der\u00a0<a href=\"http:\/\/www.bonn.de\/\">Bonner Ludwig-van-Beethoven-Musikschule<\/a>\u00a0und gibt zahlreiche regelm\u00e4\u00dfige Workshops u.a. auf\u00a0<a href=\"http:\/\/www.burg-fuersteneck.de\/\">Burg F\u00fcrsteneck<\/a>.<\/p>\n<p>Mitglied beim <a href=\"https:\/\/www.schallplattenkritik.de\/jury\/sabrina-palm?jury=22\" target=\"_blank\" rel=\"noopener\">Preis der Deutschen Schallplattenkritik<\/a>.<\/p>\n<p>Referentin im Leitungsteam beim <a href=\"http:\/\/www.jugendfolkorchester.de\" target=\"_blank\" rel=\"noopener\">Jugendfolkorchester<\/a> Deutschland.<\/p>\n<p><a href=\"http:\/\/www.jugendfolkorchester.de\" target=\"_blank\" rel=\"noopener\"><img loading=\"lazy\" class=\"alignnone size-medium wp-image-600\" src=\"https:\/\/bonna-musica.com\/wp-content\/uploads\/2023\/06\/Bildschirmfoto-2023-06-28-um-20.08.09-300x121.png\" alt=\"Logo Jugendfolkorchester\" width=\"300\" height=\"121\" srcset=\"https:\/\/bonna-musica.com\/wp-content\/uploads\/2023\/06\/Bildschirmfoto-2023-06-28-um-20.08.09-300x121.png 300w, https:\/\/bonna-musica.com\/wp-content\/uploads\/2023\/06\/Bildschirmfoto-2023-06-28-um-20.08.09-1024x414.png 1024w, https:\/\/bonna-musica.com\/wp-content\/uploads\/2023\/06\/Bildschirmfoto-2023-06-28-um-20.08.09-768x311.png 768w, https:\/\/bonna-musica.com\/wp-content\/uploads\/2023\/06\/Bildschirmfoto-2023-06-28-um-20.08.09.png 1068w\" sizes=\"(max-width: 300px) 100vw, 300px\" \/><\/a><\/p>\n\n\n<p><\/p>\n","protected":false},"excerpt":{"rendered":"<p>Nach einer klassischen Geigenausbildung hat Sabrina Erfahrungen mit verschiedenen Stilen gesammelt. In jungen Jahren hat sie sich dann in kurzer Zeit einen festen Platz in der Irish traditional music Szene erspielt und ist mit verschiedenen Bands auch \u00fcber die Grenzen Deutschlands hinweg unterwegs. Momentan spielt Sabrina u.a. im Trio Palm Bay Frost, im Duo RASA &hellip; <\/p>\n<p class=\"link-more\"><a href=\"https:\/\/bonna-musica.com\/\" class=\"more-link\"><span class=\"screen-reader-text\">\u201eInfo\u201c<\/span> weiterlesen<\/a><\/p>\n","protected":false},"author":1,"featured_media":0,"parent":0,"menu_order":0,"comment_status":"closed","ping_status":"closed","template":"","meta":[],"_links":{"self":[{"href":"https:\/\/bonna-musica.com\/index.php?rest_route=\/wp\/v2\/pages\/4"}],"collection":[{"href":"https:\/\/bonna-musica.com\/index.php?rest_route=\/wp\/v2\/pages"}],"about":[{"href":"https:\/\/bonna-musica.com\/index.php?rest_route=\/wp\/v2\/types\/page"}],"author":[{"embeddable":true,"href":"https:\/\/bonna-musica.com\/index.php?rest_route=\/wp\/v2\/users\/1"}],"replies":[{"embeddable":true,"href":"https:\/\/bonna-musica.com\/index.php?rest_route=%2Fwp%2Fv2%2Fcomments&post=4"}],"version-history":[{"count":15,"href":"https:\/\/bonna-musica.com\/index.php?rest_route=\/wp\/v2\/pages\/4\/revisions"}],"predecessor-version":[{"id":847,"href":"https:\/\/bonna-musica.com\/index.php?rest_route=\/wp\/v2\/pages\/4\/revisions\/847"}],"wp:attachment":[{"href":"https:\/\/bonna-musica.com\/index.php?rest_route=%2Fwp%2Fv2%2Fmedia&parent=4"}],"curies":[{"name":"wp","href":"https:\/\/api.w.org\/{rel}","templated":true}]}}